{"id":1624,"date":"2022-01-24T13:59:27","date_gmt":"2022-01-24T12:59:27","guid":{"rendered":"https:\/\/www.arhsol.si\/contact\/"},"modified":"2022-04-07T10:06:05","modified_gmt":"2022-04-07T08:06:05","slug":"contact","status":"publish","type":"page","link":"https:\/\/www.arhsol.si\/en\/contact\/","title":{"rendered":"Contact"},"content":{"rendered":"\n<div class=\"wp-block-columns pt120 is-layout-flex wp-container-core-columns-is-layout-9d6595d7 wp-block-columns-is-layout-flex\">\n<div class=\"wp-block-column is-layout-flow wp-block-column-is-layout-flow\">\n<p class=\"p-subheading\">NEED <br>MORE INFORMATION?<\/p>\n\n\n\n<h1 class=\"h2-upper wp-block-heading\" id=\"soncneelektrarne\">CONTACT<\/h1>\n<\/div>\n<\/div>\n\n\n\n<div class=\"wp-block-columns pt120 kontakt is-layout-flex wp-container-core-columns-is-layout-9d6595d7 wp-block-columns-is-layout-flex\">\n<div class=\"wp-block-column kontakti is-layout-flow wp-block-column-is-layout-flow\">\n<div class=\"wp-block-columns mb50 is-layout-flex wp-container-core-columns-is-layout-9d6595d7 wp-block-columns-is-layout-flex\">\n<div class=\"wp-block-column center-row row-hr is-layout-flow wp-block-column-is-layout-flow\">\n<h3 class=\"h3-kontakt has-contrast-3-color has-text-color wp-block-heading\" id=\"splosni-kontakti\">General contacts<\/h3>\n\n\n\n<hr class=\"wp-block-separator has-text-color has-background has-contrast-3-background-color has-contrast-3-color\"\/>\n<\/div>\n<\/div>\n\n\n\n<div class=\"wp-block-columns is-layout-flex wp-container-core-columns-is-layout-9d6595d7 wp-block-columns-is-layout-flex\">\n<div class=\"wp-block-column is-layout-flow wp-block-column-is-layout-flow\">\n<div class=\"wp-block-columns md-pb60 mb0 sm-pb30 is-layout-flex wp-container-core-columns-is-layout-9d6595d7 wp-block-columns-is-layout-flex\">\n<div class=\"wp-block-column sm-basis50 is-layout-flow wp-block-column-is-layout-flow\">\n<p class=\"fonts24\"><strong>Arhsol d.o.o<\/strong><\/p>\n\n\n\n<p>Son\u010dna ulica 1<br>3215 Lo\u010de<br>Slovenia<\/p>\n\n\n\n<p><a href=\"mailto:info@arhsol.si\">info@arhsol.si<\/a><\/p>\n<\/div>\n\n\n\n<div class=\"wp-block-column sm-basis50 is-layout-flow wp-block-column-is-layout-flow\">\n<p class=\"fonts24\"><strong>Arhsol d.o.o.<\/strong><\/p>\n\n\n\n<p>PE Polj\u010dane<br>Na bo\u010d 14<br>2319 Polj\u010dane<br>Slovenia<\/p>\n<\/div>\n<\/div>\n\n\n\n<div class=\"wp-block-columns md-pb60 mb0 sm-pb30 is-layout-flex wp-container-core-columns-is-layout-9d6595d7 wp-block-columns-is-layout-flex\">\n<div class=\"wp-block-column sm-basis50 is-layout-flow wp-block-column-is-layout-flow\">\n<p class=\"fonts24\"><strong>Director<\/strong><\/p>\n\n\n\n<p>Andrej Arh<\/p>\n\n\n\n<p><a href=\"tel:+386%2041%20683%20138\">+386 (0)41 683 138<\/a><\/p>\n\n\n\n<p><a href=\"mailto:info@arhsol.si\">info@arhsol.si<\/a><\/p>\n<\/div>\n\n\n\n<div class=\"wp-block-column sm-basis50 is-layout-flow wp-block-column-is-layout-flow\">\n<p class=\"fonts24\"><strong>Secretariat<\/strong><\/p>\n\n\n\n<p>Valerija Arh<\/p>\n\n\n\n<p><a href=\"tel:+386%209%20205%2036%2010\">+386 (0)9 205 36 10<\/a><\/p>\n\n\n\n<p> <a href=\"tel:+386%2041%20683%20138\">+386 (0)70 530 260<\/a> <\/p>\n\n\n\n<p><a href=\"mailto:info@arhsol.si\">valerija.arh@arhsol.si<\/a><\/p>\n<\/div>\n<\/div>\n<\/div>\n<\/div>\n\n\n\n<div class=\"wp-block-columns mb50 is-layout-flex wp-container-core-columns-is-layout-9d6595d7 wp-block-columns-is-layout-flex\">\n<div class=\"wp-block-column center-row row-hr is-layout-flow wp-block-column-is-layout-flow\">\n<h3 class=\"h3-kontakt has-contrast-3-color has-text-color wp-block-heading\" id=\"soncne-elektrarne\">Solar power plants<\/h3>\n\n\n\n<hr class=\"wp-block-separator has-text-color has-background has-contrast-3-background-color has-contrast-3-color\"\/>\n<\/div>\n<\/div>\n\n\n\n<div class=\"wp-block-columns is-layout-flex wp-container-core-columns-is-layout-9d6595d7 wp-block-columns-is-layout-flex\">\n<div class=\"wp-block-column is-layout-flow wp-block-column-is-layout-flow\">\n<div class=\"wp-block-columns md-pb60 mb0 sm-pb30 is-layout-flex wp-container-core-columns-is-layout-9d6595d7 wp-block-columns-is-layout-flex\">\n<div class=\"wp-block-column sm-basis50 is-layout-flow wp-block-column-is-layout-flow\">\n<p class=\"fonts24\"><strong>Assembly manager<\/strong><\/p>\n\n\n\n<p>Klemen \u0160prajc<\/p>\n\n\n\n<p><a href=\"tel:+386%2070%20291%20930\" data-type=\"tel\" data-id=\"tel:+386 70 291 930\">+386 (0)70 291 930<\/a><\/p>\n\n\n\n<p><a href=\"mailto:klemen.sprajc@arhsol.si\">klemen.sprajc@arhsol.si<\/a><\/p>\n<\/div>\n\n\n\n<div class=\"wp-block-column sm-basis50 is-layout-flow wp-block-column-is-layout-flow\">\n<p class=\"fonts24\"><strong>Editing documentation<\/strong><\/p>\n\n\n\n<p>Bernarda Ciglari\u010d<\/p>\n\n\n\n<p><a href=\"tel:+386%2031%20269%20237\">+386 (0)31 269 237<\/a><\/p>\n\n\n\n<p><a href=\"mailto:bernarda.ciglaric@arhsol.si\">bernarda.ciglaric@arhsol.si<\/a><\/p>\n<\/div>\n<\/div>\n\n\n\n<div class=\"wp-block-columns md-pb60 mb0 sm-pb30 is-layout-flex wp-container-core-columns-is-layout-9d6595d7 wp-block-columns-is-layout-flex\">\n<div class=\"wp-block-column sm-basis50 is-layout-flow wp-block-column-is-layout-flow\">\n<p class=\"fonts24\"><strong>Solar power plant service<\/strong><\/p>\n\n\n\n<p>Gregor Vodopivec<\/p>\n\n\n\n<p><a href=\"tel:+386%2041%20985%20990\" data-type=\"tel\" data-id=\"tel:+386 41 985 990\">+386 (0)41 985 990<\/a><\/p>\n\n\n\n<p><a href=\"mailto:gregor.vodopivec@arhsol.si\" data-type=\"mailto\" data-id=\"mailto:gregor.vodopivec@arhsol.si\">gregor.vodopivec@arhsol.si<\/a><\/p>\n<\/div>\n\n\n\n<div class=\"wp-block-column sm-basis50 is-layout-flow wp-block-column-is-layout-flow\"><\/div>\n<\/div>\n\n\n\n<div class=\"wp-block-columns mb50 is-layout-flex wp-container-core-columns-is-layout-9d6595d7 wp-block-columns-is-layout-flex\">\n<div class=\"wp-block-column center-row row-hr is-layout-flow wp-block-column-is-layout-flow\">\n<h3 class=\"h3-kontakt has-contrast-3-color has-text-color wp-block-heading\" id=\"avtomatizacija-in-strojegradnja\">Automation and mechanical engineering<\/h3>\n\n\n\n<hr class=\"wp-block-separator has-text-color has-background has-contrast-3-background-color has-contrast-3-color\"\/>\n<\/div>\n<\/div>\n\n\n\n<div class=\"wp-block-columns md-pb60 mb0 sm-pb30 is-layout-flex wp-container-core-columns-is-layout-9d6595d7 wp-block-columns-is-layout-flex\">\n<div class=\"wp-block-column sm-basis50 is-layout-flow wp-block-column-is-layout-flow\">\n<p class=\"fonts24\"><strong>Head of Development<\/strong><\/p>\n\n\n\n<p>Toni Arh<\/p>\n\n\n\n<p><a href=\"tel:+386%2041%20239%20893\" data-type=\"tel\" data-id=\"tel:+386 41 239 893\">+386 (0)41 239 893<\/a><\/p>\n\n\n\n<p><a href=\"mailto:toni@arhsol.si\" data-type=\"mailto\" data-id=\"mailto:toni@arhsol.si\">toni@arhsol.si<\/a><\/p>\n<\/div>\n\n\n\n<div class=\"wp-block-column sm-basis50 is-layout-flow wp-block-column-is-layout-flow\">\n<p><\/p>\n\n\n\n<p class=\"fonts24\"><\/p>\n\n\n\n<p><\/p>\n\n\n\n<p><\/p>\n\n\n\n<p><\/p>\n<\/div>\n<\/div>\n\n\n\n<div class=\"wp-block-columns md-pb60 mb0 sm-pb30 is-layout-flex wp-container-core-columns-is-layout-9d6595d7 wp-block-columns-is-layout-flex\">\n<div class=\"wp-block-column sm-basis50 is-layout-flow wp-block-column-is-layout-flow\">\n<p class=\"fonts24\"><strong>Programming<\/strong> <strong>PLC-HMI<\/strong><\/p>\n\n\n\n<p>Andrej Fev\u017eer<\/p>\n\n\n\n<p><a href=\"tel:+386%2040%20702%20216\" data-type=\"tel\">+386 (0)40 702 216<\/a><\/p>\n\n\n\n<p><a href=\"mailto:fevzer@arhsol.si\" data-type=\"mailto\" data-id=\"mailto:fevzer@arhsol.si\">fevzer@arhsol.si<\/a><\/p>\n<\/div>\n\n\n\n<div class=\"wp-block-column sm-basis50 is-layout-flow wp-block-column-is-layout-flow\">\n<p class=\"fonts24\"><strong><strong>ROBOTIC<\/strong> <strong>Programming<\/strong><\/strong><\/p>\n\n\n\n<p>\u017diga Ko\u0161tomaj<\/p>\n\n\n\n<p><a href=\"tel:+386%20(0)70%20247%20539\" data-type=\"tel\">+386 (0)70 247 539<\/a><\/p>\n\n\n\n<p><a href=\"mailto:ziga.kostomaj@arhsol.si\" data-type=\"mailto\" data-id=\"mailto:ziga.kostomaj@arhsol.si\">ziga.kostomaj@arhsol.si<\/a><\/p>\n<\/div>\n<\/div>\n\n\n\n<div class=\"wp-block-columns md-pb60 mb0 sm-pb30 is-layout-flex wp-container-core-columns-is-layout-9d6595d7 wp-block-columns-is-layout-flex\">\n<div class=\"wp-block-column sm-basis50 is-layout-flow wp-block-column-is-layout-flow\">\n<p class=\"fonts24\"><strong>Machine construction<\/strong><\/p>\n\n\n\n<p>Jaka Arh<\/p>\n\n\n\n<p><a href=\"tel:+386%2040%20571%20555\">+386 (0)40 571 555<\/a><\/p>\n\n\n\n<p><a href=\"mailto:jaka.arh@arhsol.si\" data-type=\"mailto\">jaka.arh@arhsol.si<\/a><\/p>\n<\/div>\n\n\n\n<div class=\"wp-block-column sm-basis50 is-layout-flow wp-block-column-is-layout-flow\">\n<p class=\"fonts24\"><strong>CNC Machining and 3D Printing<\/strong><\/p>\n\n\n\n<p>Jaka Arh<\/p>\n\n\n\n<p><a href=\"tel:+386%20040%20571%20555\" data-type=\"tel\">+386 (0)40 571 555<\/a><\/p>\n\n\n\n<p><a href=\"mailto:'jaka.arh@arhsol.si'\" data-type=\"mailto\">jaka.arh@arhsol.si<\/a><\/p>\n<\/div>\n<\/div>\n<\/div>\n<\/div>\n<\/div>\n\n\n\n<div class=\"wp-block-column halfbg md-pl60 has-background is-layout-flow wp-block-column-is-layout-flow\" style=\"background-color:#f7f7f7\" id=\"inquiry\">\n<h2 class=\"pt80 has-large-font-size wp-block-heading\" id=\"obrazec-za-kontakt-povprasevanje\">Contact \/ inquiry form<\/h2>\n\n\n\n<div class=\"wp-block-contact-form-7-contact-form-selector\">\n<div class=\"wpcf7 no-js\" id=\"wpcf7-f1678-o1\" lang=\"en-US\" dir=\"ltr\" data-wpcf7-id=\"1678\">\n<div class=\"screen-reader-response\"><p role=\"status\" aria-live=\"polite\" aria-atomic=\"true\"><\/p> <ul><\/ul><\/div>\n<form action=\"\/en\/wp-json\/wp\/v2\/pages\/1624#wpcf7-f1678-o1\" method=\"post\" class=\"wpcf7-form init\" aria-label=\"Contact form\" novalidate=\"novalidate\" data-status=\"init\">\n<fieldset class=\"hidden-fields-container\"><input type=\"hidden\" name=\"_wpcf7\" value=\"1678\" \/><input type=\"hidden\" name=\"_wpcf7_version\" value=\"6.1.5\" \/><input type=\"hidden\" name=\"_wpcf7_locale\" value=\"en_US\" \/><input type=\"hidden\" name=\"_wpcf7_unit_tag\" value=\"wpcf7-f1678-o1\" \/><input type=\"hidden\" name=\"_wpcf7_container_post\" value=\"0\" \/><input type=\"hidden\" name=\"_wpcf7_posted_data_hash\" value=\"\" \/><input type=\"hidden\" name=\"_wpcf7_recaptcha_response\" value=\"\" \/>\n<\/fieldset>\n<div class=\"wp-block-columns\">\n\t<div class=\"wp-block-column\">\n\t\t<p><label><br \/>\nName<span class=\"required\">*<\/span><br \/>\n<span class=\"wpcf7-form-control-wrap\" data-name=\"ime\"><input size=\"40\" maxlength=\"400\" class=\"wpcf7-form-control wpcf7-text wpcf7-validates-as-required\" aria-required=\"true\" aria-invalid=\"false\" placeholder=\"Enter the name ...\" value=\"\" type=\"text\" name=\"ime\" \/><\/span><br \/>\n<\/label>\n\t\t<\/p>\n\t<\/div>\n\t<div class=\"wp-block-column \">\n\t\t<p><label><br \/>\nSurname<span class=\"required\">*<\/span><br \/>\n<span class=\"wpcf7-form-control-wrap\" data-name=\"priimek\"><input size=\"40\" maxlength=\"400\" class=\"wpcf7-form-control wpcf7-text wpcf7-validates-as-required\" aria-required=\"true\" aria-invalid=\"false\" placeholder=\"Enter last name ...\" value=\"\" type=\"text\" name=\"priimek\" \/><\/span><br \/>\n<\/label>\n\t\t<\/p>\n\t<\/div>\n<\/div>\n<div class=\"wp-block-columns\">\n\t<div class=\"wp-block-column\">\n\t\t<p><label><br \/>\nE-mail<span class=\"required\">*<\/span><br \/>\n<span class=\"wpcf7-form-control-wrap\" data-name=\"email\"><input size=\"40\" maxlength=\"400\" class=\"wpcf7-form-control wpcf7-email wpcf7-validates-as-required wpcf7-text wpcf7-validates-as-email\" aria-required=\"true\" aria-invalid=\"false\" placeholder=\"Enter an email address ...\" value=\"\" type=\"email\" name=\"email\" \/><\/span><br \/>\n<\/label>\n\t\t<\/p>\n\t<\/div>\n\t<div class=\"wp-block-column \">\n\t\t<p><label><br \/>\nMobile number<br \/>\n<span class=\"wpcf7-form-control-wrap\" data-name=\"telefonska\"><input size=\"40\" maxlength=\"400\" class=\"wpcf7-form-control wpcf7-tel wpcf7-text wpcf7-validates-as-tel\" aria-invalid=\"false\" placeholder=\"Enter the phone number ...\" value=\"\" type=\"tel\" name=\"telefonska\" \/><\/span><br \/>\n<\/label>\n\t\t<\/p>\n\t<\/div>\n<\/div>\n<div class=\"wp-block-columns\">\n\t<div class=\"wp-block-column\">\n\t\t<p><label><br \/>\nI am interested in<br \/>\n<span class=\"wpcf7-form-control-wrap\" data-name=\"storitev\"><select class=\"wpcf7-form-control wpcf7-select\" aria-invalid=\"false\" name=\"storitev\"><option value=\"Solar power plant for a residential house\">Solar power plant for a residential house<\/option><option value=\"Solar power plant for company \/ production\">Solar power plant for company \/ production<\/option><option value=\"Automation and mechanical engineering\">Automation and mechanical engineering<\/option><option value=\"Electro-energy planning\">Electro-energy planning<\/option><option value=\"Planning and design\">Planning and design<\/option><option value=\"CNC machining\">CNC machining<\/option><option value=\"3D printing\">3D printing<\/option><\/select><\/span><br \/>\n<\/label>\n\t\t<\/p>\n\t<\/div>\n<\/div>\n<div class=\"wp-block-columns\">\n\t<div class=\"wp-block-column \">\n\t\t<p><label><br \/>\nMessage<span class=\"required\">*<\/span><br \/>\n<span class=\"wpcf7-form-control-wrap\" data-name=\"sporocilo\"><textarea cols=\"40\" rows=\"10\" maxlength=\"2000\" class=\"wpcf7-form-control wpcf7-textarea wpcf7-validates-as-required\" aria-required=\"true\" aria-invalid=\"false\" placeholder=\"Enter message\" name=\"sporocilo\"><\/textarea><\/span><br \/>\n<\/label>\n\t\t<\/p>\n\t<\/div>\n<\/div>\n<p><span class=\"wpcf7-form-control-wrap\" data-name=\"your-consent\"><span class=\"wpcf7-form-control wpcf7-acceptance\"><span class=\"wpcf7-list-item\"><label><input type=\"checkbox\" name=\"your-consent\" value=\"1\" aria-invalid=\"false\" \/><span class=\"wpcf7-list-item-label\">By using this form, you agree to the storage and processing of your data on this website <span class=\"required\">*<\/span><\/span><\/label><\/span><\/span><\/span>\n<\/p>\n<p><button type=\"submit\" class=\"wpcf7-submit ptp\"><b>send Message <\/b><i class=\"fas fa-long-arrow-alt-right\"><\/i><\/button><br \/>\n<img decoding=\"async\" class=\"ajax-loader\" src=\"\/wp-content\/plugins\/contact-form-7\/images\/ajax-loader.gif\" alt=\"Sending ...\" style=\"visibility: hidden; opacity: 1;\" \/>\n<\/p><p style=\"display: none !important;\" class=\"akismet-fields-container\" data-prefix=\"_wpcf7_ak_\"><label>&#916;<textarea name=\"_wpcf7_ak_hp_textarea\" cols=\"45\" rows=\"8\" maxlength=\"100\"><\/textarea><\/label><input type=\"hidden\" id=\"ak_js_1\" name=\"_wpcf7_ak_js\" value=\"58\"\/><script>document.getElementById( \"ak_js_1\" ).setAttribute( \"value\", ( new Date() ).getTime() );<\/script><\/p><div class=\"wpcf7-response-output\" aria-hidden=\"true\"><\/div>\n<\/form>\n<\/div>\n<\/div>\n\n\n\n<div class=\"wp-block-columns is-layout-flex wp-container-core-columns-is-layout-9d6595d7 wp-block-columns-is-layout-flex\">\n<div class=\"wp-block-column mapfullwidth is-layout-flow wp-block-column-is-layout-flow\">\n<iframe src=\"https:\/\/www.google.com\/maps\/embed?pb=!1m18!1m12!1m3!1d2756.501086506285!2d15.57840251558559!3d46.2998850791196!2m3!1f0!2f0!3f0!3m2!1i1024!2i768!4f13.1!3m3!1m2!1s0x4765841df1816787%3A0xf606baeef839fe70!2zTmEgQm_EjSAxNCwgMjMxOSBQb2xqxI1hbmU!5e0!3m2!1sen!2ssi!4v1643040668710!5m2!1sen!2ssi\" style=\"border:0;\" allowfullscreen=\"\" loading=\"lazy\" width=\"100%\" height=\"1050\"><\/iframe>\n<\/div>\n<\/div>\n<\/div>\n<\/div>\n\n\n\n<div class=\"wp-block-columns is-layout-flex wp-container-core-columns-is-layout-9d6595d7 wp-block-columns-is-layout-flex\">\n<div class=\"wp-block-column is-layout-flow wp-block-column-is-layout-flow\">\n<p><\/p>\n<\/div>\n\n\n\n<div class=\"wp-block-column is-layout-flow wp-block-column-is-layout-flow\"><\/div>\n<\/div>\n\n\n\n<p><\/p>\n","protected":false},"excerpt":{"rendered":"<p>NEED MORE INFORMATION? CONTACT General contacts Arhsol d.o.o Son\u010dna ulica 13215 Lo\u010deSlovenia info@arhsol.si Arhsol d.o.o. PE Polj\u010daneNa bo\u010d 142319 Polj\u010daneSlovenia Director Andrej Arh +386 (0)41 683 138 info@arhsol.si Secretariat Valerija Arh +386 (0)9 205 36 10 +386 (0)70 530 260 &#8230; <a title=\"Contact\" class=\"read-more\" href=\"https:\/\/www.arhsol.si\/en\/contact\/\" aria-label=\"More on Contact\">Read more<\/a><\/p>\n","protected":false},"author":1,"featured_media":0,"parent":0,"menu_order":0,"comment_status":"closed","ping_status":"closed","template":"","meta":{"_acf_changed":false,"pgc_sgb_lightbox_settings":"","footnotes":""},"class_list":["post-1624","page","type-page","status-publish"],"acf":[],"_links":{"self":[{"href":"https:\/\/www.arhsol.si\/en\/wp-json\/wp\/v2\/pages\/1624","targetHints":{"allow":["GET"]}}],"collection":[{"href":"https:\/\/www.arhsol.si\/en\/wp-json\/wp\/v2\/pages"}],"about":[{"href":"https:\/\/www.arhsol.si\/en\/wp-json\/wp\/v2\/types\/page"}],"author":[{"embeddable":true,"href":"https:\/\/www.arhsol.si\/en\/wp-json\/wp\/v2\/users\/1"}],"replies":[{"embeddable":true,"href":"https:\/\/www.arhsol.si\/en\/wp-json\/wp\/v2\/comments?post=1624"}],"version-history":[{"count":2,"href":"https:\/\/www.arhsol.si\/en\/wp-json\/wp\/v2\/pages\/1624\/revisions"}],"predecessor-version":[{"id":1663,"href":"https:\/\/www.arhsol.si\/en\/wp-json\/wp\/v2\/pages\/1624\/revisions\/1663"}],"wp:attachment":[{"href":"https:\/\/www.arhsol.si\/en\/wp-json\/wp\/v2\/media?parent=1624"}],"curies":[{"name":"wp","href":"https:\/\/api.w.org\/{rel}","templated":true}]}}