{"id":1634,"date":"2022-02-22T09:14:55","date_gmt":"2022-02-22T08:14:55","guid":{"rendered":"https:\/\/www.arhsol.si\/cookies\/"},"modified":"2022-03-15T13:21:27","modified_gmt":"2022-03-15T12:21:27","slug":"cookies","status":"publish","type":"page","link":"https:\/\/www.arhsol.si\/en\/cookies\/","title":{"rendered":"Cookies"},"content":{"rendered":"  <div id=\"cmplz-document\" class=\"cmplz-document cookie-statement\"><p><i>Ta politika pi\u0161kotkov je bila nazadnje posodobljena 22\/02\/2022 in velja za dr\u017eavljane in zakonite stalne prebivalce Evropskega gospodarskega prostora.<\/i><br><\/p><h2>1. Uvod<\/h2><p><br>Na\u0161a spletna stran https:\/\/www.arhsol.si (v nadaljevanju: &#8220;spletna stran&#8221;) uporablja pi\u0161kotke in druge sorodne tehnologije (za udobje se vse tehnologije imenujejo &#8220;pi\u0161kotki&#8221;). Pi\u0161kotke postavljajo tudi tretje osebe, ki smo jih anga\u017eirali. V spodnjem dokumentu vas obve\u0161\u010damo o uporabi pi\u0161kotkov na na\u0161i spletni strani.<\/p><h2>2. Kaj so pi\u0161kotki?<\/h2><p>Pi\u0161kotek je majhna preprosta datoteka, ki se po\u0161lje skupaj s stranmi tega spletnega mesta in jo va\u0161 brskalnik shrani na trdi disk va\u0161ega ra\u010dunalnika ali druge naprave. Podatki, ki so tam shranjeni, se lahko vrnejo na na\u0161e stre\u017enike ali stre\u017enike ustreznih tretjih oseb ob naslednjem obisku<\/p><h2>3. Kaj so skripte?<\/h2><p><br>Skripta je del programske kode, ki se uporablja za pravilno in interaktivno delovanje na\u0161ega spletnega mesta. Ta koda se izvaja na na\u0161em stre\u017eniku ali na va\u0161i napravi.<\/p><h2>4. Kaj je pixel tag?<\/h2><p>Spletni svetilnik (ali oznaka slikovnih pik) je majhen, neviden kos besedila ali slike na spletnem mestu, ki se uporablja za spremljanje prometa na spletnem mestu. V ta namen se s pomo\u010djo spletnih svetilnikov hranijo razli\u010dni podatki o vas.<\/p><h2>5. Pi\u0161kotki<\/h2><p class=\"cmplz-subtitle\">5.1 Tehni\u010dni ali funkcionalni pi\u0161kotki<\/p><p>Nekateri pi\u0161kotki zagotavljajo, da dolo\u010deni deli spletnega mesta delujejo pravilno in da ostanejo va\u0161e uporabni\u0161ke nastavitve znane. Z namestitvijo funkcionalnih pi\u0161kotkov vam olaj\u0161amo obisk na\u0161e spletne strani. Tako vam ob obisku na\u0161e spletne strani ni treba ve\u010dkrat vna\u0161ati istih podatkov in artikli na primer ostanejo v va\u0161i nakupovalni ko\u0161arici, dokler ne pla\u010date. Te pi\u0161kotke lahko postavimo brez va\u0161ega soglasja.<\/p><p class=\"cmplz-subtitle\">5.2 Statisti\u010dni pi\u0161kotki<\/p><p>Statisti\u010dne pi\u0161kotke uporabljamo za optimizacijo spletne strani za na\u0161e uporabnike. S temi statisti\u010dnimi pi\u0161kotki dobimo vpogled v uporabo na\u0161ega spletnega mesta. Prosimo za va\u0161e dovoljenje za namestitev statisti\u010dnih pi\u0161kotkov.<\/p><p class=\"cmplz-subtitle\">5.3 Pi\u0161kotki za marketing\/sledenje<\/p><p>Pi\u0161kotki za tr\u017eenje \/ sledenje so pi\u0161kotki ali katera koli druga oblika lokalnega shranjevanja, ki se uporablja za ustvarjanje uporabni\u0161kih profilov za prikazovanje ogla\u0161evanja ali za sledenje uporabniku na tem spletnem mestu ali na ve\u010d spletnih mestih za podobne marketin\u0161ke namene.<\/p><h2>6. Postavljeni pi\u0161kotki<\/h2><div id=\"cmplz-cookies-overview\"><details class=\"cmplz-dropdown cmplz-service-desc cmplz-dropdown-cookiepolicy \"> <summary class=\"cmplz-service-header\"><div> <h3>Polylang<\/h3> <p>Preference<\/p> <input type=\"checkbox\" class=\"cmplz-accept-service cmplz-hidden\" data-service=\"polylang\" data-category=\"functional\"><\/div> <\/summary> <div class=\"cmplz-service-description\"> <h4>Usage<\/h4> <p>We use Polylang for locale management. <a rel=\"noopener noreferrer nofollow\" href=\"https:\/\/cookiedatabase.org\/service\/polylang\/\" target=\"_blank\">Read more<\/a><\/p> <\/div> <div class=\"cmplz-sharing-data\"> <h4>Sharing data<\/h4> <p>This data is not shared with third parties.<\/p> <\/div> <div class=\"cookies-per-purpose\">     <div class=\"purpose\"><h4>Preference<\/h4><\/div>     <div class=\"name-header\"> <h5>Name<\/h5> <\/div> <div class=\"name\"><a rel=\"noopener noreferrer nofollow\" href=\"https:\/\/cookiedatabase.org\/cookie\/polylang\/pll_language\/\" target=\"_blank\">pll_language<\/a><\/div> <div class=\"retention-header\"> <h5>Expiration<\/h5> <\/div> <div class=\"retention\">persistent<\/div> <div class=\"function-header\"> <h5>Function<\/h5> <\/div> <div class=\"function\">Store language settings<\/div> <\/div> <\/details> <details class=\"cmplz-dropdown cmplz-service-desc cmplz-dropdown-cookiepolicy \"> <summary class=\"cmplz-service-header\"><div> <h3>Google Analytics<\/h3> <p>Statistika<\/p> <input type=\"checkbox\" class=\"cmplz-accept-service cmplz-hidden\" data-service=\"google-analytics\" data-category=\"functional\"><\/div> <\/summary> <div class=\"cmplz-service-description\"> <h4>Usage<\/h4> <p>We use Google Analytics for statistiko spletne strani. <a rel=\"noopener noreferrer nofollow\" href=\"https:\/\/cookiedatabase.org\/service\/google-analytics\/\" target=\"_blank\">Read more<\/a><\/p> <\/div> <div class=\"cmplz-sharing-data\"> <h4>Sharing data<\/h4> <p>For more information, please read the <a rel=\"noopener noreferrer nofollow\" href=\"https:\/\/policies.google.com\/privacy\" target=\"_blank\">Google Analytics Privacy Statement<\/a>.<\/p> <\/div> <div class=\"cookies-per-purpose\">     <div class=\"purpose\"><h4>Statistika<\/h4><\/div>     <div class=\"name-header\"> <h5>Name<\/h5> <\/div> <div class=\"name\"><a rel=\"noopener noreferrer nofollow\" href=\"https:\/\/cookiedatabase.org\/cookie\/google-analytics\/_ga\/\" target=\"_blank\">_ga<\/a><\/div> <div class=\"retention-header\"> <h5>Expiration<\/h5> <\/div> <div class=\"retention\">2 leti<\/div> <div class=\"function-header\"> <h5>Function<\/h5> <\/div> <div class=\"function\">Store and count pageviews<\/div> <\/div> <\/details> <details class=\"cmplz-dropdown cmplz-service-desc cmplz-dropdown-cookiepolicy \"> <summary class=\"cmplz-service-header\"><div> <h3>Miscellaneous<\/h3> <p>Purpose pending investigation<\/p> <input type=\"checkbox\" class=\"cmplz-accept-service cmplz-hidden\" data-service=\"miscellaneous\" data-category=\"functional\"><\/div> <\/summary> <div class=\"cmplz-service-description\"> <h4>Usage<\/h4>  <\/div> <div class=\"cmplz-sharing-data\"> <h4>Sharing data<\/h4> <p>Sharing of data is pending investigation<\/p> <\/div> <div class=\"cookies-per-purpose\">     <div class=\"purpose\"><h4>Purpose pending investigation<\/h4><\/div>     <div class=\"name-header\"> <h5>Name<\/h5> <\/div> <div class=\"name\">PH_HPXY_CHECK<\/div> <div class=\"retention-header\"> <h5>Expiration<\/h5> <\/div> <div class=\"retention\"> <div class=\"function-header\"> <h5>Function<\/h5> <\/div> <div class=\"function\"> <div class=\"name-header\"> <h5>Name<\/h5> <\/div> <div class=\"name\">session_id<\/div> <div class=\"retention-header\"> <h5>Expiration<\/h5> <\/div> <div class=\"retention\"> <div class=\"function-header\"> <h5>Function<\/h5> <\/div> <div class=\"function\"> <div class=\"name-header\"> <h5>Name<\/h5> <\/div> <div class=\"name\">email_id<\/div> <div class=\"retention-header\"> <h5>Expiration<\/h5> <\/div> <div class=\"retention\"> <div class=\"function-header\"> <h5>Function<\/h5> <\/div> <div class=\"function\"> <\/div> <\/div><\/div><\/div><\/div><\/div><\/div><\/details> <\/div><h2>7. Soglasje<\/h2><p>Ko prvi\u010d obi\u0161\u010dete na\u0161o spletno stran, vam prika\u017eemo pojavno okno z razlago o pi\u0161kotkih. Takoj, ko kliknete na &#8220;shrani&#8221;, sogla\u0161ate z uporabo kategorij pi\u0161kotkov in vti\u010dnikov, ki ste jih izbrali v pojavnem oknu, kot je opisano v tem pravilniku o pi\u0161kotkih. Uporabo pi\u0161kotkov lahko onemogo\u010dite prek brskalnika, vendar upo\u0161tevajte, da na\u0161e spletno mesto morda ne bo ve\u010d pravilno delovalo.<\/p><p class=\"cmplz-subtitle\">7.1 Upravljajte nastavitve soglasja<\/p><div id=\"cmplz-manage-consent-container-nojavascript\">Nalo\u017eili ste pravilnik o pi\u0161kotkih brez podpore za javascript. V AMP lahko uporabite gumb za upravljanje soglasja na dnu strani.<\/div><div id=\"cmplz-manage-consent-container\" name=\"cmplz-manage-consent-container\" class=\"cmplz-manage-consent-container\">\u00a0<h2>8. Va\u0161e pravice v zvezi z osebnimi podatki<\/h2><p><br>V zvezi z va\u0161imi osebnimi podatki imate naslednje pravice:<\/p><ul>                     <li>Imate pravico vedeti, zakaj so va\u0161i osebni podatki potrebni, kaj se bo z njimi zgodilo in kako dolgo bodo shranjeni.<\/li>                     <li>Pravica do dostopa: Imate pravico do dostopa do va\u0161ih osebnih podatkov, ki so nam znani.<\/li>                     <li><br>Pravica do popravka: imate pravico, da dopolnite, popravite, izbri\u0161ete ali blokirate svoje osebne podatke, kadar koli \u017eelite.<\/li>                     <li>\u010ce nam date soglasje za obdelavo va\u0161ih podatkov, imate pravico, da to privolitev prekli\u010dete in izbri\u0161ete va\u0161e osebne podatke.<\/li>                     <li>Pravica do prenosa va\u0161ih podatkov: imate pravico zahtevati vse svoje osebne podatke od upravljavca in jih v celoti prenesti drugemu upravljavcu.<\/li>                     <li>Pravica do ugovora: lahko ugovarjate obdelavi va\u0161ih podatkov. To upo\u0161tevamo, razen \u010de obstajajo utemeljeni razlogi za obdelavo.<\/li>                 <\/ul>\u00a0<p>Za uveljavljanje teh pravic nas kontaktirajte. Prosimo, glejte kontaktne podatke na dnu te politike pi\u0161kotkov. \u010ce imate prito\u017ebo glede tega, kako ravnamo z va\u0161imi podatki, bi radi sli\u0161ali od vas, vendar imate tudi pravico vlo\u017eiti prito\u017ebo pri nadzornem organu (Organu za varstvo podatkov).<\/p><h2>9. Omogo\u010danje\/onemogo\u010ditev in brisanje pi\u0161kotkov<\/h2><p>Za samodejno ali ro\u010dno brisanje pi\u0161kotkov lahko uporabite spletni brskalnik. Dolo\u010dite lahko tudi, da se dolo\u010deni pi\u0161kotki ne smejo namestiti. Druga mo\u017enost je, da spremenite nastavitve svojega internetnega brskalnika, tako da boste ob vsakem vstavitvi pi\u0161kotka prejeli sporo\u010dilo. Za ve\u010d informacij o teh mo\u017enostih si oglejte navodila v razdelku Pomo\u010d v va\u0161em brskalniku. Upo\u0161tevajte, da na\u0161e spletno mesto morda ne bo delovalo pravilno, \u010de so vsi pi\u0161kotki onemogo\u010deni. \u010ce izbri\u0161ete pi\u0161kotke v svojem brskalniku, bodo po va\u0161em soglasju ponovno name\u0161\u010deni, ko boste znova obiskali na\u0161e spletne strani.<\/p><h2>10. Kontaktni podatki<\/h2><p>Za vpra\u0161anja in\/ali komentarje o na\u0161i Politiki pi\u0161kotkov in tej izjavi nas kontaktirajte z uporabo naslednjih kontaktnih podatk<span style=\"background-color: var(--base-3); color: var(--contrast);\">Arhsol d.o.o.<\/span><\/p><\/div><div id=\"cmplz-document\" class=\"cmplz-document cookie-statement\"><p>                     Na bo\u010d 14, 2319 Polj\u010dane, Slovenija<br>                     Slovenia<br>                     Website: <a href=\"https:\/\/www.arhsol.si\">https:\/\/www.arhsol.si<\/a> <br>                     Email: <span class=\"cmplz-obfuscate\">is.loshra@ofni<\/span> <br>                     Phone number: +386 (0)9 205 36 108<\/p><\/div><\/div>","protected":false},"excerpt":{"rendered":"","protected":false},"author":1,"featured_media":0,"parent":0,"menu_order":0,"comment_status":"closed","ping_status":"closed","template":"","meta":{"_acf_changed":false,"pgc_sgb_lightbox_settings":"","footnotes":""},"class_list":["post-1634","page","type-page","status-publish"],"acf":[],"_links":{"self":[{"href":"https:\/\/www.arhsol.si\/en\/wp-json\/wp\/v2\/pages\/1634","targetHints":{"allow":["GET"]}}],"collection":[{"href":"https:\/\/www.arhsol.si\/en\/wp-json\/wp\/v2\/pages"}],"about":[{"href":"https:\/\/www.arhsol.si\/en\/wp-json\/wp\/v2\/types\/page"}],"author":[{"embeddable":true,"href":"https:\/\/www.arhsol.si\/en\/wp-json\/wp\/v2\/users\/1"}],"replies":[{"embeddable":true,"href":"https:\/\/www.arhsol.si\/en\/wp-json\/wp\/v2\/comments?post=1634"}],"version-history":[{"count":1,"href":"https:\/\/www.arhsol.si\/en\/wp-json\/wp\/v2\/pages\/1634\/revisions"}],"predecessor-version":[{"id":1635,"href":"https:\/\/www.arhsol.si\/en\/wp-json\/wp\/v2\/pages\/1634\/revisions\/1635"}],"wp:attachment":[{"href":"https:\/\/www.arhsol.si\/en\/wp-json\/wp\/v2\/media?parent=1634"}],"curies":[{"name":"wp","href":"https:\/\/api.w.org\/{rel}","templated":true}]}}